{"id":5987,"date":"2023-09-12T12:06:18","date_gmt":"2023-09-12T16:06:18","guid":{"rendered":"http:\/\/groupe-jardins-brossard-2023.local\/?page_id=5987"},"modified":"2025-04-08T12:24:58","modified_gmt":"2025-04-08T16:24:58","slug":"winter","status":"publish","type":"page","link":"https:\/\/groupejardinsbrossard.com\/en\/winter\/","title":{"rendered":"Winter"},"content":{"rendered":"","protected":false},"excerpt":{"rendered":"\n<p><a class=\"btn btn-sec understrap-read-more-link\" href=\"https:\/\/groupejardinsbrossard.com\/en\/winter\/\">Read More&#8230;<span class=\"screen-reader-text\"> from Winter<\/span><\/a><\/p>\n","protected":false},"author":1,"featured_media":0,"parent":0,"menu_order":0,"comment_status":"closed","ping_status":"closed","template":"page-templates\/hiver-home.php","meta":{"_acf_changed":false,"inline_featured_image":false,"footnotes":""},"class_list":["post-5987","page","type-page","status-publish","hentry"],"acf":[],"yoast_head":"<!-- This site is optimized with the Yoast SEO plugin v27.3 - https:\/\/yoast.com\/product\/yoast-seo-wordpress\/ -->\n<title>Winter - Groupe Jardins Brossard<\/title>\n<meta name=\"description\" content=\"Groupe Jardins Brossard, D\u00e9neigement Lanct\u00f4t and D\u00e9neigement M. Brossard, the leaders in snow removal in Brossard, Candiac, La Prairie and St-Lambert.\" \/>\n<meta name=\"robots\" content=\"index, follow, max-snippet:-1, max-image-preview:large, max-video-preview:-1\" \/>\n<link rel=\"canonical\" href=\"https:\/\/groupejardinsbrossard.com\/en\/winter\/\" \/>\n<meta property=\"og:locale\" content=\"en_US\" \/>\n<meta property=\"og:type\" content=\"article\" \/>\n<meta property=\"og:title\" content=\"Winter - Groupe Jardins Brossard\" \/>\n<meta property=\"og:description\" content=\"Groupe Jardins Brossard, D\u00e9neigement Lanct\u00f4t and D\u00e9neigement M. Brossard, the leaders in snow removal in Brossard, Candiac, La Prairie and St-Lambert.\" \/>\n<meta property=\"og:url\" content=\"https:\/\/groupejardinsbrossard.com\/en\/winter\/\" \/>\n<meta property=\"og:site_name\" content=\"Groupe Jardins Brossard\" \/>\n<meta property=\"article:modified_time\" content=\"2025-04-08T16:24:58+00:00\" \/>\n<meta name=\"twitter:card\" content=\"summary_large_image\" \/>\n<meta name=\"twitter:label1\" content=\"Est. reading time\" \/>\n\t<meta name=\"twitter:data1\" content=\"4 minutes\" \/>\n<script type=\"application\/ld+json\" class=\"yoast-schema-graph\">{\"@context\":\"https:\\\/\\\/schema.org\",\"@graph\":[{\"@type\":\"WebPage\",\"@id\":\"https:\\\/\\\/groupejardinsbrossard.com\\\/en\\\/winter\\\/\",\"url\":\"https:\\\/\\\/groupejardinsbrossard.com\\\/en\\\/winter\\\/\",\"name\":\"Winter - Groupe Jardins Brossard\",\"isPartOf\":{\"@id\":\"https:\\\/\\\/groupejardinsbrossard.com\\\/en\\\/#website\"},\"datePublished\":\"2023-09-12T16:06:18+00:00\",\"dateModified\":\"2025-04-08T16:24:58+00:00\",\"description\":\"Groupe Jardins Brossard, D\u00e9neigement Lanct\u00f4t and D\u00e9neigement M. Brossard, the leaders in snow removal in Brossard, Candiac, La Prairie and St-Lambert.\",\"breadcrumb\":{\"@id\":\"https:\\\/\\\/groupejardinsbrossard.com\\\/en\\\/winter\\\/#breadcrumb\"},\"inLanguage\":\"en-US\",\"potentialAction\":[{\"@type\":\"ReadAction\",\"target\":[\"https:\\\/\\\/groupejardinsbrossard.com\\\/en\\\/winter\\\/\"]}]},{\"@type\":\"BreadcrumbList\",\"@id\":\"https:\\\/\\\/groupejardinsbrossard.com\\\/en\\\/winter\\\/#breadcrumb\",\"itemListElement\":[{\"@type\":\"ListItem\",\"position\":1,\"name\":\"Accueil\",\"item\":\"https:\\\/\\\/groupejardinsbrossard.com\\\/en\\\/home\\\/\"},{\"@type\":\"ListItem\",\"position\":2,\"name\":\"Winter\"}]},{\"@type\":\"WebSite\",\"@id\":\"https:\\\/\\\/groupejardinsbrossard.com\\\/en\\\/#website\",\"url\":\"https:\\\/\\\/groupejardinsbrossard.com\\\/en\\\/\",\"name\":\"Groupe Jardins Brossard\",\"description\":\"\",\"publisher\":{\"@id\":\"https:\\\/\\\/groupejardinsbrossard.com\\\/en\\\/#organization\"},\"potentialAction\":[{\"@type\":\"SearchAction\",\"target\":{\"@type\":\"EntryPoint\",\"urlTemplate\":\"https:\\\/\\\/groupejardinsbrossard.com\\\/en\\\/?s={search_term_string}\"},\"query-input\":{\"@type\":\"PropertyValueSpecification\",\"valueRequired\":true,\"valueName\":\"search_term_string\"}}],\"inLanguage\":\"en-US\"},{\"@type\":\"Organization\",\"@id\":\"https:\\\/\\\/groupejardinsbrossard.com\\\/en\\\/#organization\",\"name\":\"Groupe Jardins Brossard\",\"url\":\"https:\\\/\\\/groupejardinsbrossard.com\\\/en\\\/\",\"logo\":{\"@type\":\"ImageObject\",\"inLanguage\":\"en-US\",\"@id\":\"https:\\\/\\\/groupejardinsbrossard.com\\\/en\\\/#\\\/schema\\\/logo\\\/image\\\/\",\"url\":\"https:\\\/\\\/groupejardinsbrossard.com\\\/wp-content\\\/uploads\\\/2025\\\/09\\\/cropped-Groupe-Jardins-Brossard-Logo-3-losanges-2025-e1757602448885.png\",\"contentUrl\":\"https:\\\/\\\/groupejardinsbrossard.com\\\/wp-content\\\/uploads\\\/2025\\\/09\\\/cropped-Groupe-Jardins-Brossard-Logo-3-losanges-2025-e1757602448885.png\",\"width\":2092,\"height\":222,\"caption\":\"Groupe Jardins Brossard\"},\"image\":{\"@id\":\"https:\\\/\\\/groupejardinsbrossard.com\\\/en\\\/#\\\/schema\\\/logo\\\/image\\\/\"}}]}<\/script>\n<!-- \/ Yoast SEO plugin. -->","yoast_head_json":{"title":"Winter - Groupe Jardins Brossard","description":"Groupe Jardins Brossard, D\u00e9neigement Lanct\u00f4t and D\u00e9neigement M. Brossard, the leaders in snow removal in Brossard, Candiac, La Prairie and St-Lambert.","robots":{"index":"index","follow":"follow","max-snippet":"max-snippet:-1","max-image-preview":"max-image-preview:large","max-video-preview":"max-video-preview:-1"},"canonical":"https:\/\/groupejardinsbrossard.com\/en\/winter\/","og_locale":"en_US","og_type":"article","og_title":"Winter - Groupe Jardins Brossard","og_description":"Groupe Jardins Brossard, D\u00e9neigement Lanct\u00f4t and D\u00e9neigement M. Brossard, the leaders in snow removal in Brossard, Candiac, La Prairie and St-Lambert.","og_url":"https:\/\/groupejardinsbrossard.com\/en\/winter\/","og_site_name":"Groupe Jardins Brossard","article_modified_time":"2025-04-08T16:24:58+00:00","twitter_card":"summary_large_image","twitter_misc":{"Est. reading time":"4 minutes"},"schema":{"@context":"https:\/\/schema.org","@graph":[{"@type":"WebPage","@id":"https:\/\/groupejardinsbrossard.com\/en\/winter\/","url":"https:\/\/groupejardinsbrossard.com\/en\/winter\/","name":"Winter - Groupe Jardins Brossard","isPartOf":{"@id":"https:\/\/groupejardinsbrossard.com\/en\/#website"},"datePublished":"2023-09-12T16:06:18+00:00","dateModified":"2025-04-08T16:24:58+00:00","description":"Groupe Jardins Brossard, D\u00e9neigement Lanct\u00f4t and D\u00e9neigement M. Brossard, the leaders in snow removal in Brossard, Candiac, La Prairie and St-Lambert.","breadcrumb":{"@id":"https:\/\/groupejardinsbrossard.com\/en\/winter\/#breadcrumb"},"inLanguage":"en-US","potentialAction":[{"@type":"ReadAction","target":["https:\/\/groupejardinsbrossard.com\/en\/winter\/"]}]},{"@type":"BreadcrumbList","@id":"https:\/\/groupejardinsbrossard.com\/en\/winter\/#breadcrumb","itemListElement":[{"@type":"ListItem","position":1,"name":"Accueil","item":"https:\/\/groupejardinsbrossard.com\/en\/home\/"},{"@type":"ListItem","position":2,"name":"Winter"}]},{"@type":"WebSite","@id":"https:\/\/groupejardinsbrossard.com\/en\/#website","url":"https:\/\/groupejardinsbrossard.com\/en\/","name":"Groupe Jardins Brossard","description":"","publisher":{"@id":"https:\/\/groupejardinsbrossard.com\/en\/#organization"},"potentialAction":[{"@type":"SearchAction","target":{"@type":"EntryPoint","urlTemplate":"https:\/\/groupejardinsbrossard.com\/en\/?s={search_term_string}"},"query-input":{"@type":"PropertyValueSpecification","valueRequired":true,"valueName":"search_term_string"}}],"inLanguage":"en-US"},{"@type":"Organization","@id":"https:\/\/groupejardinsbrossard.com\/en\/#organization","name":"Groupe Jardins Brossard","url":"https:\/\/groupejardinsbrossard.com\/en\/","logo":{"@type":"ImageObject","inLanguage":"en-US","@id":"https:\/\/groupejardinsbrossard.com\/en\/#\/schema\/logo\/image\/","url":"https:\/\/groupejardinsbrossard.com\/wp-content\/uploads\/2025\/09\/cropped-Groupe-Jardins-Brossard-Logo-3-losanges-2025-e1757602448885.png","contentUrl":"https:\/\/groupejardinsbrossard.com\/wp-content\/uploads\/2025\/09\/cropped-Groupe-Jardins-Brossard-Logo-3-losanges-2025-e1757602448885.png","width":2092,"height":222,"caption":"Groupe Jardins Brossard"},"image":{"@id":"https:\/\/groupejardinsbrossard.com\/en\/#\/schema\/logo\/image\/"}}]}},"_links":{"self":[{"href":"https:\/\/groupejardinsbrossard.com\/en\/wp-json\/wp\/v2\/pages\/5987","targetHints":{"allow":["GET"]}}],"collection":[{"href":"https:\/\/groupejardinsbrossard.com\/en\/wp-json\/wp\/v2\/pages"}],"about":[{"href":"https:\/\/groupejardinsbrossard.com\/en\/wp-json\/wp\/v2\/types\/page"}],"author":[{"embeddable":true,"href":"https:\/\/groupejardinsbrossard.com\/en\/wp-json\/wp\/v2\/users\/1"}],"replies":[{"embeddable":true,"href":"https:\/\/groupejardinsbrossard.com\/en\/wp-json\/wp\/v2\/comments?post=5987"}],"version-history":[{"count":0,"href":"https:\/\/groupejardinsbrossard.com\/en\/wp-json\/wp\/v2\/pages\/5987\/revisions"}],"wp:attachment":[{"href":"https:\/\/groupejardinsbrossard.com\/en\/wp-json\/wp\/v2\/media?parent=5987"}],"curies":[{"name":"wp","href":"https:\/\/api.w.org\/{rel}","templated":true}]}}